{"id":1012,"date":"2025-09-02T12:35:08","date_gmt":"2025-09-02T12:35:08","guid":{"rendered":"http:\/\/localhost:10023\/?post_type=product&#038;p=1012"},"modified":"2025-09-11T10:33:29","modified_gmt":"2025-09-11T10:33:29","slug":"peu-importe-rouge","status":"publish","type":"product","link":"https:\/\/latourraque.fr\/en\/product\/peu-importe-rouge\/","title":{"rendered":"Peu importe &#8211; Syrah"},"content":{"rendered":"<p>\nCe vin rouge l\u00e9ger pr\u00e9sente des ar\u00f4mes de fruits rouges et noirs, ainsi que de notes poivr\u00e9es et herbac\u00e9es.<br \/>\nWine without added sulfites<br \/>\nC\u00e9page : Syrah 100%<br \/>\nVintage: 2024<br \/>\nOrganic Wine<\/p>","protected":false},"excerpt":{"rendered":"<p>\nC\u00e9page : Syrah 100%<br \/>\nVintage: 2024<br \/>\nOrganic Wine<\/p>","protected":false},"featured_media":1014,"comment_status":"open","ping_status":"closed","template":"","meta":{"site-sidebar-layout":"default","site-content-layout":"","ast-site-content-layout":"default","site-content-style":"default","site-sidebar-style":"default","ast-global-header-display":"","ast-banner-title-visibility":"","ast-main-header-display":"","ast-hfb-above-header-display":"","ast-hfb-below-header-display":"","ast-hfb-mobile-header-display":"","site-post-title":"","ast-breadcrumbs-content":"","ast-featured-img":"","footer-sml-layout":"","ast-disable-related-posts":"","theme-transparent-header-meta":"default","adv-header-id-meta":"","stick-header-meta":"","header-above-stick-meta":"","header-main-stick-meta":"","header-below-stick-meta":"","astra-migrate-meta-layouts":"set","ast-page-background-enabled":"default","ast-page-background-meta":{"desktop":{"background-color":"var(--ast-global-color-4)","background-image":"","background-repeat":"repeat","background-position":"center center","background-size":"auto","background-attachment":"scroll","background-type":"","background-media":"","overlay-type":"","overlay-color":"","overlay-opacity":"","overlay-gradient":""},"tablet":{"background-color":"","background-image":"","background-repeat":"repeat","background-position":"center center","background-size":"auto","background-attachment":"scroll","background-type":"","background-media":"","overlay-type":"","overlay-color":"","overlay-opacity":"","overlay-gradient":""},"mobile":{"background-color":"","background-image":"","background-repeat":"repeat","background-position":"center center","background-size":"auto","background-attachment":"scroll","background-type":"","background-media":"","overlay-type":"","overlay-color":"","overlay-opacity":"","overlay-gradient":""}},"ast-content-background-meta":{"desktop":{"background-color":"var(--ast-global-color-5)","background-image":"","background-repeat":"repeat","background-position":"center center","background-size":"auto","background-attachment":"scroll","background-type":"","background-media":"","overlay-type":"","overlay-color":"","overlay-opacity":"","overlay-gradient":""},"tablet":{"background-color":"var(--ast-global-color-5)","background-image":"","background-repeat":"repeat","background-position":"center center","background-size":"auto","background-attachment":"scroll","background-type":"","background-media":"","overlay-type":"","overlay-color":"","overlay-opacity":"","overlay-gradient":""},"mobile":{"background-color":"var(--ast-global-color-5)","background-image":"","background-repeat":"repeat","background-position":"center center","background-size":"auto","background-attachment":"scroll","background-type":"","background-media":"","overlay-type":"","overlay-color":"","overlay-opacity":"","overlay-gradient":""}}},"product_brand":[],"product_cat":[23],"product_tag":[],"class_list":{"0":"post-1012","1":"product","2":"type-product","3":"status-publish","4":"has-post-thumbnail","6":"product_cat-rouges","7":"desktop-align-center","8":"tablet-align-left","9":"mobile-align-left","11":"first","12":"instock","13":"taxable","14":"shipping-taxable","15":"purchasable","16":"product-type-simple"},"yoast_head":"<!-- This site is optimized with the Yoast SEO plugin v27.4 - https:\/\/yoast.com\/product\/yoast-seo-wordpress\/ -->\n<title>Peu importe - Syrah - Domaine la Tourraque<\/title>\n<meta name=\"robots\" content=\"index, follow, max-snippet:-1, max-image-preview:large, max-video-preview:-1\" \/>\n<link rel=\"canonical\" href=\"https:\/\/latourraque.fr\/en\/product\/peu-importe-rouge\/\" \/>\n<meta property=\"og:locale\" content=\"en_GB\" \/>\n<meta property=\"og:type\" content=\"article\" \/>\n<meta property=\"og:title\" content=\"Peu importe - Syrah - Domaine la Tourraque\" \/>\n<meta property=\"og:description\" content=\"C\u00e9page : Syrah 100% Mill\u00e9sime : 2024 Vin Biologique\" \/>\n<meta property=\"og:url\" content=\"https:\/\/latourraque.fr\/en\/product\/peu-importe-rouge\/\" \/>\n<meta property=\"og:site_name\" content=\"Domaine la Tourraque\" \/>\n<meta property=\"article:modified_time\" content=\"2025-09-11T10:33:29+00:00\" \/>\n<meta property=\"og:image\" content=\"https:\/\/latourraque.fr\/wp-content\/uploads\/2025\/09\/peu-importe-rouge.jpg\" \/>\n\t<meta property=\"og:image:width\" content=\"1350\" \/>\n\t<meta property=\"og:image:height\" content=\"1520\" \/>\n\t<meta property=\"og:image:type\" content=\"image\/jpeg\" \/>\n<meta name=\"twitter:card\" content=\"summary_large_image\" \/>\n<meta name=\"twitter:label1\" content=\"Estimated reading time\" \/>\n\t<meta name=\"twitter:data1\" content=\"1 minute\" \/>\n<script type=\"application\/ld+json\" class=\"yoast-schema-graph\">{\"@context\":\"https:\\\/\\\/schema.org\",\"@graph\":[{\"@type\":\"WebPage\",\"@id\":\"https:\\\/\\\/latourraque.fr\\\/produit\\\/peu-importe-rouge\\\/\",\"url\":\"https:\\\/\\\/latourraque.fr\\\/produit\\\/peu-importe-rouge\\\/\",\"name\":\"Peu importe - Syrah - Domaine la Tourraque\",\"isPartOf\":{\"@id\":\"https:\\\/\\\/latourraque.fr\\\/en\\\/#website\"},\"primaryImageOfPage\":{\"@id\":\"https:\\\/\\\/latourraque.fr\\\/produit\\\/peu-importe-rouge\\\/#primaryimage\"},\"image\":{\"@id\":\"https:\\\/\\\/latourraque.fr\\\/produit\\\/peu-importe-rouge\\\/#primaryimage\"},\"thumbnailUrl\":\"https:\\\/\\\/latourraque.fr\\\/wp-content\\\/uploads\\\/2025\\\/09\\\/peu-importe-rouge.jpg\",\"datePublished\":\"2025-09-02T12:35:08+00:00\",\"dateModified\":\"2025-09-11T10:33:29+00:00\",\"breadcrumb\":{\"@id\":\"https:\\\/\\\/latourraque.fr\\\/produit\\\/peu-importe-rouge\\\/#breadcrumb\"},\"inLanguage\":\"en-GB\",\"potentialAction\":[{\"@type\":\"ReadAction\",\"target\":[\"https:\\\/\\\/latourraque.fr\\\/produit\\\/peu-importe-rouge\\\/\"]}]},{\"@type\":\"ImageObject\",\"inLanguage\":\"en-GB\",\"@id\":\"https:\\\/\\\/latourraque.fr\\\/produit\\\/peu-importe-rouge\\\/#primaryimage\",\"url\":\"https:\\\/\\\/latourraque.fr\\\/wp-content\\\/uploads\\\/2025\\\/09\\\/peu-importe-rouge.jpg\",\"contentUrl\":\"https:\\\/\\\/latourraque.fr\\\/wp-content\\\/uploads\\\/2025\\\/09\\\/peu-importe-rouge.jpg\",\"width\":1350,\"height\":1520},{\"@type\":\"BreadcrumbList\",\"@id\":\"https:\\\/\\\/latourraque.fr\\\/produit\\\/peu-importe-rouge\\\/#breadcrumb\",\"itemListElement\":[{\"@type\":\"ListItem\",\"position\":1,\"name\":\"Accueil\",\"item\":\"https:\\\/\\\/latourraque.fr\\\/en\\\/\"},{\"@type\":\"ListItem\",\"position\":2,\"name\":\"Boutique\",\"item\":\"https:\\\/\\\/latourraque.fr\\\/boutique\\\/\"},{\"@type\":\"ListItem\",\"position\":3,\"name\":\"Peu importe &#8211; Syrah\"}]},{\"@type\":\"WebSite\",\"@id\":\"https:\\\/\\\/latourraque.fr\\\/en\\\/#website\",\"url\":\"https:\\\/\\\/latourraque.fr\\\/en\\\/\",\"name\":\"Domaine la Tourraque\",\"description\":\"\",\"potentialAction\":[{\"@type\":\"SearchAction\",\"target\":{\"@type\":\"EntryPoint\",\"urlTemplate\":\"https:\\\/\\\/latourraque.fr\\\/en\\\/?s={search_term_string}\"},\"query-input\":{\"@type\":\"PropertyValueSpecification\",\"valueRequired\":true,\"valueName\":\"search_term_string\"}}],\"inLanguage\":\"en-GB\"}]}<\/script>\n<!-- \/ Yoast SEO plugin. -->","yoast_head_json":{"title":"Peu importe - Syrah - Domaine la Tourraque","robots":{"index":"index","follow":"follow","max-snippet":"max-snippet:-1","max-image-preview":"max-image-preview:large","max-video-preview":"max-video-preview:-1"},"canonical":"https:\/\/latourraque.fr\/en\/product\/peu-importe-rouge\/","og_locale":"en_GB","og_type":"article","og_title":"Peu importe - Syrah - Domaine la Tourraque","og_description":"C\u00e9page : Syrah 100% Mill\u00e9sime : 2024 Vin Biologique","og_url":"https:\/\/latourraque.fr\/en\/product\/peu-importe-rouge\/","og_site_name":"Domaine la Tourraque","article_modified_time":"2025-09-11T10:33:29+00:00","og_image":[{"width":1350,"height":1520,"url":"https:\/\/latourraque.fr\/wp-content\/uploads\/2025\/09\/peu-importe-rouge.jpg","type":"image\/jpeg"}],"twitter_card":"summary_large_image","twitter_misc":{"Estimated reading time":"1 minute"},"schema":{"@context":"https:\/\/schema.org","@graph":[{"@type":"WebPage","@id":"https:\/\/latourraque.fr\/produit\/peu-importe-rouge\/","url":"https:\/\/latourraque.fr\/produit\/peu-importe-rouge\/","name":"Peu importe - Syrah - Domaine la Tourraque","isPartOf":{"@id":"https:\/\/latourraque.fr\/en\/#website"},"primaryImageOfPage":{"@id":"https:\/\/latourraque.fr\/produit\/peu-importe-rouge\/#primaryimage"},"image":{"@id":"https:\/\/latourraque.fr\/produit\/peu-importe-rouge\/#primaryimage"},"thumbnailUrl":"https:\/\/latourraque.fr\/wp-content\/uploads\/2025\/09\/peu-importe-rouge.jpg","datePublished":"2025-09-02T12:35:08+00:00","dateModified":"2025-09-11T10:33:29+00:00","breadcrumb":{"@id":"https:\/\/latourraque.fr\/produit\/peu-importe-rouge\/#breadcrumb"},"inLanguage":"en-GB","potentialAction":[{"@type":"ReadAction","target":["https:\/\/latourraque.fr\/produit\/peu-importe-rouge\/"]}]},{"@type":"ImageObject","inLanguage":"en-GB","@id":"https:\/\/latourraque.fr\/produit\/peu-importe-rouge\/#primaryimage","url":"https:\/\/latourraque.fr\/wp-content\/uploads\/2025\/09\/peu-importe-rouge.jpg","contentUrl":"https:\/\/latourraque.fr\/wp-content\/uploads\/2025\/09\/peu-importe-rouge.jpg","width":1350,"height":1520},{"@type":"BreadcrumbList","@id":"https:\/\/latourraque.fr\/produit\/peu-importe-rouge\/#breadcrumb","itemListElement":[{"@type":"ListItem","position":1,"name":"Accueil","item":"https:\/\/latourraque.fr\/en\/"},{"@type":"ListItem","position":2,"name":"Boutique","item":"https:\/\/latourraque.fr\/boutique\/"},{"@type":"ListItem","position":3,"name":"Peu importe &#8211; Syrah"}]},{"@type":"WebSite","@id":"https:\/\/latourraque.fr\/en\/#website","url":"https:\/\/latourraque.fr\/en\/","name":"Domaine la Tourraque","description":"","potentialAction":[{"@type":"SearchAction","target":{"@type":"EntryPoint","urlTemplate":"https:\/\/latourraque.fr\/en\/?s={search_term_string}"},"query-input":{"@type":"PropertyValueSpecification","valueRequired":true,"valueName":"search_term_string"}}],"inLanguage":"en-GB"}]}},"_links":{"self":[{"href":"https:\/\/latourraque.fr\/en\/wp-json\/wp\/v2\/product\/1012","targetHints":{"allow":["GET"]}}],"collection":[{"href":"https:\/\/latourraque.fr\/en\/wp-json\/wp\/v2\/product"}],"about":[{"href":"https:\/\/latourraque.fr\/en\/wp-json\/wp\/v2\/types\/product"}],"replies":[{"embeddable":true,"href":"https:\/\/latourraque.fr\/en\/wp-json\/wp\/v2\/comments?post=1012"}],"wp:featuredmedia":[{"embeddable":true,"href":"https:\/\/latourraque.fr\/en\/wp-json\/wp\/v2\/media\/1014"}],"wp:attachment":[{"href":"https:\/\/latourraque.fr\/en\/wp-json\/wp\/v2\/media?parent=1012"}],"wp:term":[{"taxonomy":"product_brand","embeddable":true,"href":"https:\/\/latourraque.fr\/en\/wp-json\/wp\/v2\/product_brand?post=1012"},{"taxonomy":"product_cat","embeddable":true,"href":"https:\/\/latourraque.fr\/en\/wp-json\/wp\/v2\/product_cat?post=1012"},{"taxonomy":"product_tag","embeddable":true,"href":"https:\/\/latourraque.fr\/en\/wp-json\/wp\/v2\/product_tag?post=1012"}],"curies":[{"name":"wp","href":"https:\/\/api.w.org\/{rel}","templated":true}]}}