{"id":931,"date":"2025-09-01T16:59:28","date_gmt":"2025-09-01T16:59:28","guid":{"rendered":"http:\/\/localhost:10023\/?post_type=product&#038;p=931"},"modified":"2025-10-16T15:19:47","modified_gmt":"2025-10-16T15:19:47","slug":"lintrigue-blanc","status":"publish","type":"product","link":"https:\/\/latourraque.fr\/en\/product\/lintrigue-blanc\/","title":{"rendered":"L\u2019Intrigue \u2013 White"},"content":{"rendered":"<p>\nGrown in an Acacia Barrel, this original wine offers complex smells of white fruits, flowers, sweets, with fruits and roasted aromas. The mouth tastes like white fruits with aromas of different barrels, before a smooth final on a taste of candy and toasty.<\/p>\n<p>Grapes : S\u00e9millon, Rolle<br \/>\nLimited quantity : 600 bottles<br \/>\nVintage: 2024<\/p>","protected":false},"excerpt":{"rendered":"<p>\nGrapes : S\u00e9millon, Rolle<br \/>\nLimited quantity : 600 bottles<br \/>\nVintage: 2024<\/p>","protected":false},"featured_media":1537,"comment_status":"open","ping_status":"closed","template":"","meta":{"site-sidebar-layout":"default","site-content-layout":"","ast-site-content-layout":"default","site-content-style":"default","site-sidebar-style":"default","ast-global-header-display":"","ast-banner-title-visibility":"","ast-main-header-display":"","ast-hfb-above-header-display":"","ast-hfb-below-header-display":"","ast-hfb-mobile-header-display":"","site-post-title":"","ast-breadcrumbs-content":"","ast-featured-img":"","footer-sml-layout":"","ast-disable-related-posts":"","theme-transparent-header-meta":"default","adv-header-id-meta":"","stick-header-meta":"","header-above-stick-meta":"","header-main-stick-meta":"","header-below-stick-meta":"","astra-migrate-meta-layouts":"set","ast-page-background-enabled":"default","ast-page-background-meta":{"desktop":{"background-color":"var(--ast-global-color-4)","background-image":"","background-repeat":"repeat","background-position":"center center","background-size":"auto","background-attachment":"scroll","background-type":"","background-media":"","overlay-type":"","overlay-color":"","overlay-opacity":"","overlay-gradient":""},"tablet":{"background-color":"","background-image":"","background-repeat":"repeat","background-position":"center center","background-size":"auto","background-attachment":"scroll","background-type":"","background-media":"","overlay-type":"","overlay-color":"","overlay-opacity":"","overlay-gradient":""},"mobile":{"background-color":"","background-image":"","background-repeat":"repeat","background-position":"center center","background-size":"auto","background-attachment":"scroll","background-type":"","background-media":"","overlay-type":"","overlay-color":"","overlay-opacity":"","overlay-gradient":""}},"ast-content-background-meta":{"desktop":{"background-color":"var(--ast-global-color-5)","background-image":"","background-repeat":"repeat","background-position":"center center","background-size":"auto","background-attachment":"scroll","background-type":"","background-media":"","overlay-type":"","overlay-color":"","overlay-opacity":"","overlay-gradient":""},"tablet":{"background-color":"var(--ast-global-color-5)","background-image":"","background-repeat":"repeat","background-position":"center center","background-size":"auto","background-attachment":"scroll","background-type":"","background-media":"","overlay-type":"","overlay-color":"","overlay-opacity":"","overlay-gradient":""},"mobile":{"background-color":"var(--ast-global-color-5)","background-image":"","background-repeat":"repeat","background-position":"center center","background-size":"auto","background-attachment":"scroll","background-type":"","background-media":"","overlay-type":"","overlay-color":"","overlay-opacity":"","overlay-gradient":""}}},"product_brand":[],"product_cat":[24],"product_tag":[],"class_list":{"0":"post-931","1":"product","2":"type-product","3":"status-publish","4":"has-post-thumbnail","6":"product_cat-blancs","7":"desktop-align-center","8":"tablet-align-left","9":"mobile-align-left","11":"first","12":"instock","13":"taxable","14":"shipping-taxable","15":"purchasable","16":"product-type-simple"},"yoast_head":"<!-- This site is optimized with the Yoast SEO plugin v27.3 - https:\/\/yoast.com\/product\/yoast-seo-wordpress\/ -->\n<title>L\u2019Intrigue - Blanc - Domaine la Tourraque<\/title>\n<meta name=\"robots\" content=\"index, follow, max-snippet:-1, max-image-preview:large, max-video-preview:-1\" \/>\n<link rel=\"canonical\" href=\"https:\/\/latourraque.fr\/en\/product\/lintrigue-blanc\/\" \/>\n<meta property=\"og:locale\" content=\"en_GB\" \/>\n<meta property=\"og:type\" content=\"article\" \/>\n<meta property=\"og:title\" content=\"L\u2019Intrigue - Blanc - Domaine la Tourraque\" \/>\n<meta property=\"og:description\" content=\"C\u00e9pages : S\u00e9millon, Rolle Stock limit\u00e9 : 600 cols Mill\u00e9sime : 2024\" \/>\n<meta property=\"og:url\" content=\"https:\/\/latourraque.fr\/en\/product\/lintrigue-blanc\/\" \/>\n<meta property=\"og:site_name\" content=\"Domaine la Tourraque\" \/>\n<meta property=\"article:modified_time\" content=\"2025-10-16T15:19:47+00:00\" \/>\n<meta property=\"og:image\" content=\"https:\/\/latourraque.fr\/wp-content\/uploads\/2025\/09\/intrigue-blanc-1.jpg\" \/>\n\t<meta property=\"og:image:width\" content=\"1350\" \/>\n\t<meta property=\"og:image:height\" content=\"1520\" \/>\n\t<meta property=\"og:image:type\" content=\"image\/jpeg\" \/>\n<meta name=\"twitter:card\" content=\"summary_large_image\" \/>\n<meta name=\"twitter:label1\" content=\"Estimated reading time\" \/>\n\t<meta name=\"twitter:data1\" content=\"1 minute\" \/>\n<script type=\"application\/ld+json\" class=\"yoast-schema-graph\">{\"@context\":\"https:\\\/\\\/schema.org\",\"@graph\":[{\"@type\":\"WebPage\",\"@id\":\"https:\\\/\\\/latourraque.fr\\\/produit\\\/lintrigue-blanc\\\/\",\"url\":\"https:\\\/\\\/latourraque.fr\\\/produit\\\/lintrigue-blanc\\\/\",\"name\":\"L\u2019Intrigue - Blanc - Domaine la Tourraque\",\"isPartOf\":{\"@id\":\"https:\\\/\\\/azure-grouse-915623.hostingersite.com\\\/#website\"},\"primaryImageOfPage\":{\"@id\":\"https:\\\/\\\/latourraque.fr\\\/produit\\\/lintrigue-blanc\\\/#primaryimage\"},\"image\":{\"@id\":\"https:\\\/\\\/latourraque.fr\\\/produit\\\/lintrigue-blanc\\\/#primaryimage\"},\"thumbnailUrl\":\"https:\\\/\\\/latourraque.fr\\\/wp-content\\\/uploads\\\/2025\\\/09\\\/intrigue-blanc-1.jpg\",\"datePublished\":\"2025-09-01T16:59:28+00:00\",\"dateModified\":\"2025-10-16T15:19:47+00:00\",\"breadcrumb\":{\"@id\":\"https:\\\/\\\/latourraque.fr\\\/produit\\\/lintrigue-blanc\\\/#breadcrumb\"},\"inLanguage\":\"en-GB\",\"potentialAction\":[{\"@type\":\"ReadAction\",\"target\":[\"https:\\\/\\\/latourraque.fr\\\/produit\\\/lintrigue-blanc\\\/\"]}]},{\"@type\":\"ImageObject\",\"inLanguage\":\"en-GB\",\"@id\":\"https:\\\/\\\/latourraque.fr\\\/produit\\\/lintrigue-blanc\\\/#primaryimage\",\"url\":\"https:\\\/\\\/latourraque.fr\\\/wp-content\\\/uploads\\\/2025\\\/09\\\/intrigue-blanc-1.jpg\",\"contentUrl\":\"https:\\\/\\\/latourraque.fr\\\/wp-content\\\/uploads\\\/2025\\\/09\\\/intrigue-blanc-1.jpg\",\"width\":1350,\"height\":1520},{\"@type\":\"BreadcrumbList\",\"@id\":\"https:\\\/\\\/latourraque.fr\\\/produit\\\/lintrigue-blanc\\\/#breadcrumb\",\"itemListElement\":[{\"@type\":\"ListItem\",\"position\":1,\"name\":\"Accueil\",\"item\":\"https:\\\/\\\/azure-grouse-915623.hostingersite.com\\\/\"},{\"@type\":\"ListItem\",\"position\":2,\"name\":\"Boutique\",\"item\":\"https:\\\/\\\/latourraque.fr\\\/boutique\\\/\"},{\"@type\":\"ListItem\",\"position\":3,\"name\":\"L\u2019Intrigue &#8211; Blanc\"}]},{\"@type\":\"WebSite\",\"@id\":\"https:\\\/\\\/azure-grouse-915623.hostingersite.com\\\/#website\",\"url\":\"https:\\\/\\\/azure-grouse-915623.hostingersite.com\\\/\",\"name\":\"Domaine la Tourraque\",\"description\":\"\",\"potentialAction\":[{\"@type\":\"SearchAction\",\"target\":{\"@type\":\"EntryPoint\",\"urlTemplate\":\"https:\\\/\\\/azure-grouse-915623.hostingersite.com\\\/?s={search_term_string}\"},\"query-input\":{\"@type\":\"PropertyValueSpecification\",\"valueRequired\":true,\"valueName\":\"search_term_string\"}}],\"inLanguage\":\"en-GB\"}]}<\/script>\n<!-- \/ Yoast SEO plugin. -->","yoast_head_json":{"title":"L\u2019Intrigue - Blanc - Domaine la Tourraque","robots":{"index":"index","follow":"follow","max-snippet":"max-snippet:-1","max-image-preview":"max-image-preview:large","max-video-preview":"max-video-preview:-1"},"canonical":"https:\/\/latourraque.fr\/en\/product\/lintrigue-blanc\/","og_locale":"en_GB","og_type":"article","og_title":"L\u2019Intrigue - Blanc - Domaine la Tourraque","og_description":"C\u00e9pages : S\u00e9millon, Rolle Stock limit\u00e9 : 600 cols Mill\u00e9sime : 2024","og_url":"https:\/\/latourraque.fr\/en\/product\/lintrigue-blanc\/","og_site_name":"Domaine la Tourraque","article_modified_time":"2025-10-16T15:19:47+00:00","og_image":[{"width":1350,"height":1520,"url":"https:\/\/latourraque.fr\/wp-content\/uploads\/2025\/09\/intrigue-blanc-1.jpg","type":"image\/jpeg"}],"twitter_card":"summary_large_image","twitter_misc":{"Estimated reading time":"1 minute"},"schema":{"@context":"https:\/\/schema.org","@graph":[{"@type":"WebPage","@id":"https:\/\/latourraque.fr\/produit\/lintrigue-blanc\/","url":"https:\/\/latourraque.fr\/produit\/lintrigue-blanc\/","name":"L\u2019Intrigue - Blanc - Domaine la Tourraque","isPartOf":{"@id":"https:\/\/azure-grouse-915623.hostingersite.com\/#website"},"primaryImageOfPage":{"@id":"https:\/\/latourraque.fr\/produit\/lintrigue-blanc\/#primaryimage"},"image":{"@id":"https:\/\/latourraque.fr\/produit\/lintrigue-blanc\/#primaryimage"},"thumbnailUrl":"https:\/\/latourraque.fr\/wp-content\/uploads\/2025\/09\/intrigue-blanc-1.jpg","datePublished":"2025-09-01T16:59:28+00:00","dateModified":"2025-10-16T15:19:47+00:00","breadcrumb":{"@id":"https:\/\/latourraque.fr\/produit\/lintrigue-blanc\/#breadcrumb"},"inLanguage":"en-GB","potentialAction":[{"@type":"ReadAction","target":["https:\/\/latourraque.fr\/produit\/lintrigue-blanc\/"]}]},{"@type":"ImageObject","inLanguage":"en-GB","@id":"https:\/\/latourraque.fr\/produit\/lintrigue-blanc\/#primaryimage","url":"https:\/\/latourraque.fr\/wp-content\/uploads\/2025\/09\/intrigue-blanc-1.jpg","contentUrl":"https:\/\/latourraque.fr\/wp-content\/uploads\/2025\/09\/intrigue-blanc-1.jpg","width":1350,"height":1520},{"@type":"BreadcrumbList","@id":"https:\/\/latourraque.fr\/produit\/lintrigue-blanc\/#breadcrumb","itemListElement":[{"@type":"ListItem","position":1,"name":"Accueil","item":"https:\/\/azure-grouse-915623.hostingersite.com\/"},{"@type":"ListItem","position":2,"name":"Boutique","item":"https:\/\/latourraque.fr\/boutique\/"},{"@type":"ListItem","position":3,"name":"L\u2019Intrigue &#8211; Blanc"}]},{"@type":"WebSite","@id":"https:\/\/azure-grouse-915623.hostingersite.com\/#website","url":"https:\/\/azure-grouse-915623.hostingersite.com\/","name":"Domaine la Tourraque","description":"","potentialAction":[{"@type":"SearchAction","target":{"@type":"EntryPoint","urlTemplate":"https:\/\/azure-grouse-915623.hostingersite.com\/?s={search_term_string}"},"query-input":{"@type":"PropertyValueSpecification","valueRequired":true,"valueName":"search_term_string"}}],"inLanguage":"en-GB"}]}},"_links":{"self":[{"href":"https:\/\/latourraque.fr\/en\/wp-json\/wp\/v2\/product\/931","targetHints":{"allow":["GET"]}}],"collection":[{"href":"https:\/\/latourraque.fr\/en\/wp-json\/wp\/v2\/product"}],"about":[{"href":"https:\/\/latourraque.fr\/en\/wp-json\/wp\/v2\/types\/product"}],"replies":[{"embeddable":true,"href":"https:\/\/latourraque.fr\/en\/wp-json\/wp\/v2\/comments?post=931"}],"wp:featuredmedia":[{"embeddable":true,"href":"https:\/\/latourraque.fr\/en\/wp-json\/wp\/v2\/media\/1537"}],"wp:attachment":[{"href":"https:\/\/latourraque.fr\/en\/wp-json\/wp\/v2\/media?parent=931"}],"wp:term":[{"taxonomy":"product_brand","embeddable":true,"href":"https:\/\/latourraque.fr\/en\/wp-json\/wp\/v2\/product_brand?post=931"},{"taxonomy":"product_cat","embeddable":true,"href":"https:\/\/latourraque.fr\/en\/wp-json\/wp\/v2\/product_cat?post=931"},{"taxonomy":"product_tag","embeddable":true,"href":"https:\/\/latourraque.fr\/en\/wp-json\/wp\/v2\/product_tag?post=931"}],"curies":[{"name":"wp","href":"https:\/\/api.w.org\/{rel}","templated":true}]}}